{"id":10,"date":"2014-12-23T09:02:44","date_gmt":"2014-12-23T09:02:44","guid":{"rendered":"http:\/\/www.teczaspolem.pl\/?page_id=10"},"modified":"2026-03-24T13:48:28","modified_gmt":"2026-03-24T13:48:28","slug":"kontakt","status":"publish","type":"page","link":"https:\/\/www.teczaspolem.pl\/?page_id=10","title":{"rendered":"Kontakt"},"content":{"rendered":"<p><strong>KLUB SPORTOWY T\u0118CZA-SPO\u0141EM<\/strong><\/p>\n<p>25-560 KIELCE, ul. Zagna\u0144ska 110<br \/>\ntel 41 331-68-94<br \/>\nteczaspolem@o2.pl<\/p>\n<p>Numer konta bankowego klubu 65 1240 4416 1111 0000 4959 7187<br \/>\nNIP: 959-09-78-012<br \/>\nIzabela Korus \u2013 Prezes Klubu,\u00a0 794-973-943<br \/>\n<strong>REZERWACJA KORT\u00d3W TENISOWYCH<\/strong>: 695-456-063<\/p>\n<p><strong>CENNIK KORT\u00d3W ZIEMNYCH OTWARTYCH\u00a0 do <\/strong><strong>\u00a030.04.2026 r.<\/strong><\/p>\n<table style=\"width: 89.0625%; height: 96px;\">\n<tbody>\n<tr style=\"height: 0px;\">\n<td style=\"height: 21px;\" width=\"154\"><strong>Godzina<\/strong><\/td>\n<td style=\"height: 21px;\" width=\"154\"><strong>Poniedzia\u0142ek-Pi\u0105tek<\/strong><\/td>\n<td style=\"height: 21px;\" width=\"154\"><b>Weekend i \u015bwi\u0119ta<\/b><\/td>\n<\/tr>\n<tr style=\"height: 0px;\">\n<td style=\"height: 10px;\" width=\"154\"><strong>7:00-15:00<\/strong><\/td>\n<td style=\"height: 10px;\" width=\"154\"><strong>50 z\u0142<\/strong><\/td>\n<td style=\"height: 10px;\" width=\"154\"><strong>60 z\u0142<\/strong><\/td>\n<\/tr>\n<tr style=\"height: 0px;\">\n<td style=\"height: 10px;\" width=\"154\"><strong>po godz. 15.00<\/strong><\/td>\n<td style=\"height: 10px;\" width=\"154\"><strong>60 z\u0142<\/strong><\/td>\n<td style=\"height: 10px;\" width=\"154\"><strong>60 z\u0142<\/strong><\/td>\n<\/tr>\n<\/tbody>\n<\/table>\n<p><strong>\u00a0<\/strong><\/p>\n<p>Klub prowadzi szkolenie w tenisie dzieci i m\u0142odzie\u017cy oraz doros\u0142ych przez ca\u0142y rok, w sezonie letnim tj. od 01 kwietnia do 31 pa\u017adziernika szkolenia odbywaj\u0105 si\u0119 na 8 kortach ziemnych.<\/p>\n<p>Szkolenia prowadz\u0105 trener i instruktorzy:<br \/>\nRados\u0142aw G\u0142ady\u015b, 792-967-330<br \/>\nMaciej Mietkiewicz, 533-763-077<br \/>\nPiotr Klima, 697-868-838<\/p>\n<p><strong>Naci\u0105ganie rakiet tenisowych<\/strong> telefon kontaktowy 697-868-838\u00a0 lub 695-456-063<\/p>\n<p>Szkolenie w zakresie tr\u00f3jboju si\u0142owego, kulturystyki i fitness oraz podnoszenia ci\u0119\u017car\u00f3w prowadzi trener Arkadiusz Znojek tel. 601-755-035 oraz Rafa\u0142 S\u0119kowski 506-066-216<\/p>\n<p>Szkolenie w zakresie badmintona prowadzi Rafa\u0142 S\u0119kowski 506-066-216, Andrzej Kowalski 664-712-751<\/p>\n","protected":false},"excerpt":{"rendered":"<p>KLUB SPORTOWY T\u0118CZA-SPO\u0141EM 25-560 KIELCE, ul. Zagna\u0144ska 110 tel 41 331-68-94 teczaspolem@o2.pl Numer konta bankowego klubu 65 1240 4416 1111 0000 4959 7187 NIP: 959-09-78-012 Izabela Korus \u2013 Prezes Klubu,\u00a0 794-973-943 REZERWACJA KORT\u00d3W TENISOWYCH: 695-456-063 CENNIK KORT\u00d3W ZIEMNYCH OTWARTYCH\u00a0 do &#8230; <a class=\"more-link\" href=\"https:\/\/www.teczaspolem.pl\/?page_id=10\">Read More &raquo;<\/a><\/p>\n","protected":false},"author":1,"featured_media":0,"parent":0,"menu_order":0,"comment_status":"closed","ping_status":"closed","template":"","meta":{"footnotes":""},"class_list":["post-10","page","type-page","status-publish","hentry"],"_links":{"self":[{"href":"https:\/\/www.teczaspolem.pl\/index.php?rest_route=\/wp\/v2\/pages\/10","targetHints":{"allow":["GET"]}}],"collection":[{"href":"https:\/\/www.teczaspolem.pl\/index.php?rest_route=\/wp\/v2\/pages"}],"about":[{"href":"https:\/\/www.teczaspolem.pl\/index.php?rest_route=\/wp\/v2\/types\/page"}],"author":[{"embeddable":true,"href":"https:\/\/www.teczaspolem.pl\/index.php?rest_route=\/wp\/v2\/users\/1"}],"replies":[{"embeddable":true,"href":"https:\/\/www.teczaspolem.pl\/index.php?rest_route=%2Fwp%2Fv2%2Fcomments&post=10"}],"version-history":[{"count":31,"href":"https:\/\/www.teczaspolem.pl\/index.php?rest_route=\/wp\/v2\/pages\/10\/revisions"}],"predecessor-version":[{"id":2145,"href":"https:\/\/www.teczaspolem.pl\/index.php?rest_route=\/wp\/v2\/pages\/10\/revisions\/2145"}],"wp:attachment":[{"href":"https:\/\/www.teczaspolem.pl\/index.php?rest_route=%2Fwp%2Fv2%2Fmedia&parent=10"}],"curies":[{"name":"wp","href":"https:\/\/api.w.org\/{rel}","templated":true}]}}