{"id":124,"date":"2015-01-04T11:25:59","date_gmt":"2015-01-04T11:25:59","guid":{"rendered":"http:\/\/www.teczaspolem.pl\/?page_id=124"},"modified":"2018-07-18T08:25:04","modified_gmt":"2018-07-18T08:25:04","slug":"zarzad-klubu","status":"publish","type":"page","link":"https:\/\/www.teczaspolem.pl\/?page_id=124","title":{"rendered":"Zarz\u0105d Klubu"},"content":{"rendered":"<p>&nbsp;<\/p>\n<table style=\"height: 440px;\" width=\"595\">\n<tbody>\n<tr>\n<td><img loading=\"lazy\" decoding=\"async\" class=\"alignnone size-full wp-image-138\" src=\"https:\/\/www.teczaspolem.pl\/wp-content\/uploads\/2015\/01\/ki.jpg\" alt=\"ki\" width=\"150\" height=\"171\" data-id=\"138\" \/><\/td>\n<td><strong>Korus Izabela &#8211;\u00a0 <\/strong>Prezes Zarz\u0105du Klubu<\/td>\n<\/tr>\n<tr>\n<td><img loading=\"lazy\" decoding=\"async\" class=\"alignnone wp-image-600 size-full\" src=\"https:\/\/www.teczaspolem.pl\/wp-content\/uploads\/2018\/07\/pwalas_.jpg\" alt=\"\" width=\"150\" height=\"171\" data-id=\"598\" \/><\/td>\n<td><strong>Piotr Walas<\/strong> &#8211; \u00a0Sekretarz Zarz\u0105du Klubu<\/td>\n<\/tr>\n<tr>\n<td><img loading=\"lazy\" decoding=\"async\" class=\"alignnone size-full wp-image-137\" src=\"https:\/\/www.teczaspolem.pl\/wp-content\/uploads\/2015\/01\/cw.jpg\" alt=\"cw\" width=\"150\" height=\"171\" data-id=\"137\" \/><\/td>\n<td><strong>Czerw W\u0142odzimierz<\/strong> &#8211; Wiceprezes ds. techniczno &#8211; administracyjnych<\/td>\n<\/tr>\n<tr>\n<td><img loading=\"lazy\" decoding=\"async\" class=\"alignnone size-full wp-image-136\" src=\"https:\/\/www.teczaspolem.pl\/wp-content\/uploads\/2015\/01\/az.jpg\" alt=\"az\" width=\"150\" height=\"171\" data-id=\"136\" \/><\/td>\n<td><strong>Znojek Arkadiusz<\/strong> &#8211; Wiceprezes ds. sportowych<\/td>\n<\/tr>\n<tr>\n<td><img loading=\"lazy\" decoding=\"async\" class=\"alignnone size-full wp-image-139\" src=\"https:\/\/www.teczaspolem.pl\/wp-content\/uploads\/2015\/01\/ts.jpg\" alt=\"ts\" width=\"150\" height=\"171\" data-id=\"139\" \/><\/td>\n<td><strong>Trzebi\u0144ski S\u0142awomir<\/strong> &#8211; Skarbnik, G\u0142\u00f3wny Ksi\u0119gowy Klubu<\/td>\n<\/tr>\n<\/tbody>\n<\/table>\n<p>&nbsp;<\/p>\n","protected":false},"excerpt":{"rendered":"<p>&nbsp; Korus Izabela &#8211;\u00a0 Prezes Zarz\u0105du Klubu Piotr Walas &#8211; \u00a0Sekretarz Zarz\u0105du Klubu Czerw W\u0142odzimierz &#8211; Wiceprezes ds. techniczno &#8211; administracyjnych Znojek Arkadiusz &#8211; Wiceprezes ds. sportowych Trzebi\u0144ski S\u0142awomir &#8211; Skarbnik, G\u0142\u00f3wny Ksi\u0119gowy Klubu &nbsp;<\/p>\n","protected":false},"author":1,"featured_media":0,"parent":0,"menu_order":0,"comment_status":"closed","ping_status":"closed","template":"","meta":{"footnotes":""},"class_list":["post-124","page","type-page","status-publish","hentry"],"_links":{"self":[{"href":"https:\/\/www.teczaspolem.pl\/index.php?rest_route=\/wp\/v2\/pages\/124","targetHints":{"allow":["GET"]}}],"collection":[{"href":"https:\/\/www.teczaspolem.pl\/index.php?rest_route=\/wp\/v2\/pages"}],"about":[{"href":"https:\/\/www.teczaspolem.pl\/index.php?rest_route=\/wp\/v2\/types\/page"}],"author":[{"embeddable":true,"href":"https:\/\/www.teczaspolem.pl\/index.php?rest_route=\/wp\/v2\/users\/1"}],"replies":[{"embeddable":true,"href":"https:\/\/www.teczaspolem.pl\/index.php?rest_route=%2Fwp%2Fv2%2Fcomments&post=124"}],"version-history":[{"count":11,"href":"https:\/\/www.teczaspolem.pl\/index.php?rest_route=\/wp\/v2\/pages\/124\/revisions"}],"predecessor-version":[{"id":601,"href":"https:\/\/www.teczaspolem.pl\/index.php?rest_route=\/wp\/v2\/pages\/124\/revisions\/601"}],"wp:attachment":[{"href":"https:\/\/www.teczaspolem.pl\/index.php?rest_route=%2Fwp%2Fv2%2Fmedia&parent=124"}],"curies":[{"name":"wp","href":"https:\/\/api.w.org\/{rel}","templated":true}]}}