{"id":2,"date":"2014-12-23T08:45:36","date_gmt":"2014-12-23T08:45:36","guid":{"rendered":"http:\/\/www.teczaspolem.pl\/?page_id=2"},"modified":"2018-02-23T17:05:04","modified_gmt":"2018-02-23T17:05:04","slug":"przykladowa-strona","status":"publish","type":"page","link":"https:\/\/www.teczaspolem.pl\/?page_id=2","title":{"rendered":"Historia Klubu"},"content":{"rendered":"<p style=\"text-align: justify;\">KS \u201eT\u0119cza &#8211; Spo\u0142em&#8221; w Kielcach powsta\u0142 w maju 1945 r. Przy Zak\u0142adach Wytw\u00f3rczych \u201eSPO\u0141EM&#8221;, a od 1949 r. nieprzerwanie zwi\u0105zany jest z PSS &#8211; \u201eSpo\u0142em&#8221; w Kielcach. \u00a0Dzi\u0119ki pomocy Zarz\u0105du G\u0142\u00f3wnego \u201eSPO\u0141EM&#8221;, Zarz\u0105du G\u0142\u00f3wnego Zwi\u0105zku Zawodowe Pracownik\u00f3w Handlu i Sp\u00f3\u0142dzielczo\u015bci oraz czyn\u00f3w spo\u0142ecznych mieszka\u0144c\u00f3w Kielc powsta\u0142 w 1971 r. pi\u0119kny obiekt sportowy. Najwa\u017cniejszymi sponsorami klubu do dnia dzisiejszego s\u0105 PSS \u201eSpo\u0142em&#8221; i ZW \u201eSpo\u0142em&#8221;. Spowodowa\u0142o to, \u017ce klub pozosta\u0142 wierny Sp\u00f3\u0142dzielczo\u015bci \u00a0Spo\u0142emowskiej.<\/p>\n<p style=\"text-align: justify;\">1. AKROBATYKA SPORTOWA (1961-1994)<br \/>\n2. HOKEJ NA LODZIE (1947-1951)<br \/>\n3. KOSZYK\u00d3WKA KOBIET (1952-1989)<br \/>\n4. KOSZYK\u00d3WKA M\u0118\u017bCZYZN (1952-1985)<br \/>\n5. KICK-BOXING (1995-1996)<br \/>\n6.\u00a0<strong>KULTURYSTYKA<\/strong> (1991-NADAL)<br \/>\n7. LEKKA ATLETYKA (1945-1950)<br \/>\n8 .NARCIARSTWO KLASYCZNE (1945-1950; 1995-1999)<br \/>\n9. PI\u0141KA NO\u017bNA (1945-1955)<br \/>\n10. PI\u0141KA R\u0118CZNA M\u0118\u017bCZYZN (1945-1953)<br \/>\n11. PI\u0141KA WODNA (1950-1968)<br \/>\n12. P\u0141YWANIE (1945-1981; 1986-1993)<br \/>\n13. SIATK\u00d3WKA KOBIET (1945-1965)<br \/>\n14. SIATK\u00d3WKA M\u0118\u017bCZYZN (1945-1968)<br \/>\n15. <strong>PODNOSZENIE CI\u0118\u017bAR\u00d3W<\/strong> (1963-NADAL)<br \/>\n16. SZERMIERKA (1961-1968)<br \/>\n17. <strong>TENIS ZIEMNY<\/strong> (1945-NADAL)<br \/>\n18. TENIS STO\u0141OWY (1945-1964)<br \/>\n19. <strong>TR\u00d3JB\u00d3J SI\u0141OWY<\/strong> (1991-NADAL)<br \/>\n20. <strong>FITNESS<\/strong> (2013-NADAL)<\/p>\n<p style=\"text-align: justify;\"><strong>Prezesi KS &#8222;T\u0119cza-Spo\u0142em&#8221; w latach:<\/strong><br \/>\nMarian S\u0141O\u0143 &#8211; 1945-1947<br \/>\nMieczys\u0142aw HOFFMAN &#8211; 1947-1949<br \/>\nStanis\u0142aw RYCHTER &#8211; 1949-1949<br \/>\nAdam STANKIEWICZ &#8211; 1949-1950<br \/>\nStanis\u0142aw SCHMEIDEL &#8211; 1950-1952<br \/>\nJan TOMASZEWSKI &#8211; 1952-1954<br \/>\nWojciech HUMEL &#8211; 1954-1957<br \/>\nZygmunt KASIURA &#8211; 1957-1959<br \/>\nW\u0142adys\u0142aw KO\u0179BIA\u0141 &#8211; 1959-1961<br \/>\nWac\u0142aw \u015aWIT &#8211; 1961-1976<br \/>\nTadeusz PEJA &#8211; 1977-1981<br \/>\nKrzysztof NAWROT &#8211; 1981-1990<br \/>\nCzes\u0142aw SZMALEC &#8211; 1990-1994<br \/>\nHelena GONTARZ &#8211; 1995-1996<br \/>\nWojciech Kardynalski 1996-13.12.2017 r.<\/p>\n<hr \/>\n<p><strong>Historia Kulturystyki i Fitness.\u00a0 Podnoszenie ci\u0119\u017car\u00f3w i kulturystyka<\/strong><\/p>\n<p style=\"text-align: justify;\">Dzia\u0142aj\u0105c od lat w Klubie Sportowym \u201eT\u0119cza\u201d sekcja podnoszenia ci\u0119\u017car\u00f3w powi\u0119kszona zosta\u0142a uchwa\u0142\u0105 Walnego Zebrania z 1986 r. o kulturystyk\u0119, jako rekreacyjny cz\u0142on sekcji. Poniewa\u017c stan si\u0142owni w budynku Zespo\u0142u Szk\u00f3\u0142 Zawodowych nr 3 przy ul. Jagiello\u0144skiej pozostawia\u0142 wiele do \u017cyczenia, zar\u00f3wno pod wzgl\u0119dem sportowym jak i sanitarno-higienicznym. W pa\u017adzierniku 1989 r. sekcja podnoszenia ci\u0119\u017car\u00f3w i kulturystyki przeniesiona zosta\u0142a na hal\u0119 sportow\u0105 \u201eT\u0119czy\u201d, gdzie stworzono zawodnikom korzystniejsze warunki do treningu, od istniej\u0105cych w poprzednim miejscu, wyr\u00f3wnuj\u0105c tym samym dystans socjalny dziel\u0105cy j\u0105 od innych sekcji naszego Klubu. Poprawa warunk\u00f3w wp\u0142yn\u0119\u0142a na liczebno\u015b\u0107 zawodnik\u00f3w. Sekcja ta liczy\u0142a nawet oko\u0142o 150 kulturyst\u00f3w. Zaj\u0119cia sekcji prowadzili instruktorzy: Arkadiusz Znojek i Waldemar Doma\u0144ski.<\/p>\n<p style=\"text-align: justify;\">Debiutem og\u00f3lnopolskim by\u0142 start <strong>Jaros\u0142awa Palmowskiego<\/strong> w lutym 1992 r. na \u201ePucharze Kielc w kulturystyce\u201d \u2013 pierwszej oficjalnej og\u00f3lnopolskiej imprezie kulturystycznej w naszym regionie. Kielecki kulturysta wygra\u0142 kategori\u0119 65 kg, a jego wyst\u0119p wry\u0142 si\u0119 w pami\u0119\u0107 nie tylko wielbicielom tego sportu, ale ka\u017cdemu kto go ogl\u0105da\u0142, ze wzgl\u0119du na najbardziej oryginaln\u0105 walk\u0119 kulturyst\u00f3w na scenie w tamtych latach.<\/p>\n<p style=\"text-align: justify;\">W tym samym roku Jaros\u0142aw Palmowski startowa\u0142 w listopadzie 1992 r. na Pucharze Polski w Kwidzyniu. W kategorii 70 kg przy wysokiej stawce rywali zaj\u0105\u0142 5 miejsce.<\/p>\n<p style=\"text-align: justify;\">W latach 1993 i 1994 nasi zawodnicy startowali na Mistrzostwach Polski w kulturystyce i og\u00f3lnopolskich imprezach pucharowych: <strong>Karol R\u0119bosz i Kamil Chudoba<\/strong> na Pucharze Pomorza w Inowroc\u0142awiu (1993), zajmuj\u0105c odpowiednio 4 i 5 miejsce w kat 80 kg, oraz na Pucharze Prezydenta Radomia (1994) \u2013 Karol R\u0119bosz, 4 miejsce w kat. junior\u00f3w open.<\/p>\n<p style=\"text-align: justify;\">Od roku 1992 do 1994 \u201eT\u0119cza\u201d organizowa\u0142a w Kielcach <strong>\u201ePuchar G\u00f3r \u015awi\u0119tokrzyskich w Kulturystyce\u201d <\/strong>, b\u0119d\u0105cy jednocze\u015bnie Mistrzostwami Okr\u0119gu Senior\u00f3w (w 1994 roku \u201ePuchar\u201d by\u0142 jednocze\u015bnie eliminacjami do Mistrzostw \u015awiata Junior\u00f3w w Kulturystyce). Z braku \u015brodk\u00f3w finansowych na organizacj\u0119 zawod\u00f3w kolejna, czwarta z rz\u0119du, edycja Pucharu upad\u0142a.<\/p>\n<p style=\"text-align: justify;\">Klas\u0105 dla siebie byli kultury\u015bci <strong>Pawe\u0142 Kli\u015b i Kamil Chudoba <\/strong>nie maj\u0105cy konkurent\u00f3w na Mistrzostwach Polski LZS w Kulturystyce w Lubiniu, gdzie zaj\u0119li odpowiednio 1 i 2 miejsce w kategorii 70 kg.<\/p>\n<p style=\"text-align: justify;\">W Mistrzostwach Polski Junior\u00f3w w 1992 r. ( 22-24 maja) w Chrzanowie <strong>Kamil Chudoba<\/strong> zaj\u0105\u0142 8 miejsce, a <strong>Pawe\u0142 Kli\u015b<\/strong> 7 miejsce. Rok p\u00f3\u017aniej na MPJ (3-4 grudnia) <strong>Jaros\u0142aw Turlej<\/strong> zaj\u0105\u0142 6 miejsce w kategorii 70 kg, a <strong>Karol R\u0119bosz<\/strong> 7 miejsce w kategorii do 80 kg.<\/p>\n<p style=\"text-align: justify;\">Jedynym seniorem startuj\u0105cym na Mistrzostwach Polski w Kulturystyce (Sosnowiec 2-4 kwietnia 1993 r.) by\u0142 <strong>Jaros\u0142aw Palmowski<\/strong>. W kategorii 65 kg zaj\u0105\u0142 wysokie 5 miejsce.<\/p>\n<p style=\"text-align: justify;\">Najwi\u0119kszym sukcesem naszych kulturyst\u00f3w <strong>by\u0142 start Jaros\u0142awa Turleja na Mistrzostwach \u015awiata w Kulturystyce w Izmirze (Turcja) w 1994 r.<\/strong> , gdzie doszed\u0142 do p\u00f3\u0142fina\u0142\u00f3w zajmuj\u0105c 14 miejsce w wysoko obsadzonej kategorii 70 kg.<\/p>\n<p style=\"text-align: justify;\">Po wielu latach przerwy zdoby\u0142 upragniony dla Klubu br\u0105zowy medal na Mistrzostwach Polski Junior\u00f3w w Kulturystyce <strong>Zymiera Mateusz<\/strong> w roku 2012.<\/p>\n<p style=\"text-align: justify;\">W roku 2013 z\u0142oty medal Junior\u00f3w w Fitness zdoby\u0142 <strong>Kamil Strzelczyk<\/strong> na Mistrzostwach Polski Junior\u00f3w w Kielcach. Ponadto podczas tych Mistrzostw medale srebrne zdobyli <strong>Dawid Olejnik<\/strong> w kategorii Junior\u00f3w do lat 18 w kulturystyce open oraz <strong>Kaleta Micha\u0142<\/strong> w kategorii Junior\u00f3w do lat 23 w kulturystyce klasycznej.<\/p>\n<p style=\"text-align: justify;\"><a href=\"https:\/\/www.teczaspolem.pl\/wp-content\/uploads\/2014\/12\/strzelczyk.jpg\"><img loading=\"lazy\" decoding=\"async\" class=\"alignnone size-full wp-image-248\" src=\"https:\/\/www.teczaspolem.pl\/wp-content\/uploads\/2014\/12\/strzelczyk.jpg\" alt=\"strzelczyk\" width=\"500\" height=\"332\" data-id=\"248\" srcset=\"https:\/\/www.teczaspolem.pl\/wp-content\/uploads\/2014\/12\/strzelczyk.jpg 500w, https:\/\/www.teczaspolem.pl\/wp-content\/uploads\/2014\/12\/strzelczyk-300x199.jpg 300w\" sizes=\"auto, (max-width: 500px) 100vw, 500px\" \/><\/a><br \/>\n<em>Kamil Strzelczyk<\/em><\/p>\n<p style=\"text-align: justify;\">R\u00f3wnie\u017c w roku 2013 <strong>Kamil Strzelczyk <\/strong>zdoby\u0142 4 miejsce na Mistrzostwach \u015awiata Junior\u00f3w w Fitness w Mongolii.<\/p>\n<p style=\"text-align: justify;\">W roku 2014 medal br\u0105zowy w kulturystyce klasycznej na Mistrzostwach Polski Junior\u00f3w zdoby\u0142 <strong>Zymiera Jakub<\/strong>.<\/p>\n<p><a href=\"https:\/\/www.teczaspolem.pl\/wp-content\/uploads\/2014\/12\/zymiera.jpg\"><img loading=\"lazy\" decoding=\"async\" class=\"alignnone size-full wp-image-247\" src=\"https:\/\/www.teczaspolem.pl\/wp-content\/uploads\/2014\/12\/zymiera.jpg\" alt=\"zymiera\" width=\"266\" height=\"301\" data-id=\"247\" srcset=\"https:\/\/www.teczaspolem.pl\/wp-content\/uploads\/2014\/12\/zymiera.jpg 266w, https:\/\/www.teczaspolem.pl\/wp-content\/uploads\/2014\/12\/zymiera-265x300.jpg 265w\" sizes=\"auto, (max-width: 266px) 100vw, 266px\" \/><\/a><br \/>\n<em>Zymiera Jakub<\/em><\/p>\n<hr \/>\n<p><a href=\"https:\/\/www.teczaspolem.pl\/plik\/gazeta.pdf\" target=\"_blank\" rel=\"noopener\">Informator Sportowy Wojew\u00f3dztwa \u015awi\u0119tokrzyskiego<\/a><\/p>\n","protected":false},"excerpt":{"rendered":"<p>KS \u201eT\u0119cza &#8211; Spo\u0142em&#8221; w Kielcach powsta\u0142 w maju 1945 r. Przy Zak\u0142adach Wytw\u00f3rczych \u201eSPO\u0141EM&#8221;, a od 1949 r. nieprzerwanie zwi\u0105zany jest z PSS &#8211; \u201eSpo\u0142em&#8221; w Kielcach. \u00a0Dzi\u0119ki pomocy Zarz\u0105du G\u0142\u00f3wnego \u201eSPO\u0141EM&#8221;, Zarz\u0105du G\u0142\u00f3wnego Zwi\u0105zku Zawodowe Pracownik\u00f3w Handlu i &#8230; <a class=\"more-link\" href=\"https:\/\/www.teczaspolem.pl\/?page_id=2\">Read More &raquo;<\/a><\/p>\n","protected":false},"author":1,"featured_media":0,"parent":0,"menu_order":0,"comment_status":"closed","ping_status":"closed","template":"","meta":{"footnotes":""},"class_list":["post-2","page","type-page","status-publish","hentry"],"_links":{"self":[{"href":"https:\/\/www.teczaspolem.pl\/index.php?rest_route=\/wp\/v2\/pages\/2","targetHints":{"allow":["GET"]}}],"collection":[{"href":"https:\/\/www.teczaspolem.pl\/index.php?rest_route=\/wp\/v2\/pages"}],"about":[{"href":"https:\/\/www.teczaspolem.pl\/index.php?rest_route=\/wp\/v2\/types\/page"}],"author":[{"embeddable":true,"href":"https:\/\/www.teczaspolem.pl\/index.php?rest_route=\/wp\/v2\/users\/1"}],"replies":[{"embeddable":true,"href":"https:\/\/www.teczaspolem.pl\/index.php?rest_route=%2Fwp%2Fv2%2Fcomments&post=2"}],"version-history":[{"count":11,"href":"https:\/\/www.teczaspolem.pl\/index.php?rest_route=\/wp\/v2\/pages\/2\/revisions"}],"predecessor-version":[{"id":586,"href":"https:\/\/www.teczaspolem.pl\/index.php?rest_route=\/wp\/v2\/pages\/2\/revisions\/586"}],"wp:attachment":[{"href":"https:\/\/www.teczaspolem.pl\/index.php?rest_route=%2Fwp%2Fv2%2Fmedia&parent=2"}],"curies":[{"name":"wp","href":"https:\/\/api.w.org\/{rel}","templated":true}]}}