{"id":83,"date":"2014-12-28T09:29:37","date_gmt":"2014-12-28T09:29:37","guid":{"rendered":"http:\/\/www.teczaspolem.pl\/?page_id=83"},"modified":"2023-10-31T16:28:24","modified_gmt":"2023-10-31T16:28:24","slug":"osiagniecia","status":"publish","type":"page","link":"https:\/\/www.teczaspolem.pl\/?page_id=83","title":{"rendered":"Osi\u0105gni\u0119cia"},"content":{"rendered":"<p><a href=\"https:\/\/www.teczaspolem.pl\/wp-content\/uploads\/2023\/10\/tenis2021.pdf\" target=\"_blank\" rel=\"noopener\">Tenis 2021<\/a><\/p>\n<p><a href=\"https:\/\/www.teczaspolem.pl\/wp-content\/uploads\/2023\/10\/tenis2022.pdf\" target=\"_blank\" rel=\"noopener\">Tenis 2022<\/a><\/p>\n<p><a href=\"https:\/\/www.teczaspolem.pl\/wp-content\/uploads\/2023\/10\/ts2022.pdf\" target=\"_blank\" rel=\"noopener\">Tr\u00f3jb\u00f3j si\u0142owy 2022<\/a><\/p>\n<p><a href=\"https:\/\/www.teczaspolem.pl\/wp-content\/uploads\/2023\/10\/badminton2022.pdf\" target=\"_blank\" rel=\"noopener\">Badminton 2022<\/a><\/p>\n","protected":false},"excerpt":{"rendered":"<p>Tenis 2021 Tenis 2022 Tr\u00f3jb\u00f3j si\u0142owy 2022 Badminton 2022<\/p>\n","protected":false},"author":1,"featured_media":0,"parent":0,"menu_order":0,"comment_status":"closed","ping_status":"closed","template":"","meta":{"footnotes":""},"class_list":["post-83","page","type-page","status-publish","hentry"],"_links":{"self":[{"href":"https:\/\/www.teczaspolem.pl\/index.php?rest_route=\/wp\/v2\/pages\/83","targetHints":{"allow":["GET"]}}],"collection":[{"href":"https:\/\/www.teczaspolem.pl\/index.php?rest_route=\/wp\/v2\/pages"}],"about":[{"href":"https:\/\/www.teczaspolem.pl\/index.php?rest_route=\/wp\/v2\/types\/page"}],"author":[{"embeddable":true,"href":"https:\/\/www.teczaspolem.pl\/index.php?rest_route=\/wp\/v2\/users\/1"}],"replies":[{"embeddable":true,"href":"https:\/\/www.teczaspolem.pl\/index.php?rest_route=%2Fwp%2Fv2%2Fcomments&post=83"}],"version-history":[{"count":7,"href":"https:\/\/www.teczaspolem.pl\/index.php?rest_route=\/wp\/v2\/pages\/83\/revisions"}],"predecessor-version":[{"id":958,"href":"https:\/\/www.teczaspolem.pl\/index.php?rest_route=\/wp\/v2\/pages\/83\/revisions\/958"}],"wp:attachment":[{"href":"https:\/\/www.teczaspolem.pl\/index.php?rest_route=%2Fwp%2Fv2%2Fmedia&parent=83"}],"curies":[{"name":"wp","href":"https:\/\/api.w.org\/{rel}","templated":true}]}}